{"id":242,"date":"2016-07-07T17:07:17","date_gmt":"2016-07-07T17:07:17","guid":{"rendered":"http:\/\/www.jm-translations.com\/?page_id=242"},"modified":"2025-04-20T04:29:26","modified_gmt":"2025-04-20T04:29:26","slug":"moderation","status":"publish","type":"page","link":"https:\/\/www.jm-translations.com\/?page_id=242","title":{"rendered":"Moderation"},"content":{"rendered":"\n<p><strong>Moderationen (B\u00fchne)<\/strong><br><br>Leipziger Buchmesse 2025 (Podiumsgespr\u00e4ch, Schwarzes Sofa, Manga-Halle)<br>Leipziger Buchmesse 2024 (Podiumsgespr\u00e4ch im \u00dcbersetzerzentrum)<br>Preis der Leipziger Buchmesse 2020: Die Nominierten der Kategorie \u00dcbersetzung (LCB, zusammen mit J\u00fcrgen Jakob Becker)<br>Leipziger Buchmesse 2019 (Podiumsgespr\u00e4ch im \u00dcbersetzerzentrum) <br>Preis der Leipziger Buchmesse 2019: Die Nominierten der Kategorie \u00dcbersetzung (LCB, zusammen mit J\u00fcrgen Jakob Becker) <br> 3. Branchentreff Literatur 2018 (Haus der Kulturen der Welt)<br>Lange Nacht der Literatur\u00fcbersetzung im Rahmen des Leipziger Literarischen Herbsts (2018)<br>14. Wolfenb\u00fctteler Gespr\u00e4ch 2017 (Lesefest)<br>Werkstattgespr\u00e4ch mit Lutz Seiler, Dorota Stroi\u0144ska und Aim\u00e9e Delblanc (Jahrestagung des Vd\u00dc 2016)<br>Leipziger Buchmesse 2016 (Podiumsgespr\u00e4ch im \u00dcbersetzerzentrum)<br>12. Wolfenb\u00fctteler Gespr\u00e4ch 2015 (Lesefest)<br>10. Wolfenb\u00fctteler Gespr\u00e4ch 2013 (Lesefest)<\/p>\n<p><strong>Moderationen (TV)<\/strong><br>&#8222;Aus der Praxis&#8220; &#8211; Gesundheitsmagazin KH Waldfriede, Berlin<\/p>\n<p><strong>Moderationen (Web)<\/strong><br>Pressekonferenz des Europatags der \u00dcbersetzerinnen und \u00dcbersetzer 2022 (Bad Oeynhausen)<br>\nModerationstraining (11. Session des Translator&#8217;s Forum, Mai 2022)\n\n\n\n<p><\/p>\n","protected":false},"excerpt":{"rendered":"<p>Moderationen (B\u00fchne) Leipziger Buchmesse 2025 (Podiumsgespr\u00e4ch, Schwarzes Sofa, Manga-Halle)Leipziger Buchmesse 2024 (Podiumsgespr\u00e4ch im \u00dcbersetzerzentrum)Preis der Leipziger Buchmesse 2020: Die Nominierten der Kategorie \u00dcbersetzung (LCB, zusammen mit J\u00fcrgen Jakob Becker)Leipziger Buchmesse 2019 (Podiumsgespr\u00e4ch im \u00dcbersetzerzentrum) Preis der Leipziger Buchmesse 2019: Die Nominierten der Kategorie \u00dcbersetzung (LCB, zusammen mit J\u00fcrgen Jakob Becker) 3. Branchentreff Literatur 2018 (Haus [&hellip;]<\/p>\n","protected":false},"author":9,"featured_media":0,"parent":0,"menu_order":0,"comment_status":"closed","ping_status":"closed","template":"","meta":{"footnotes":""},"class_list":["post-242","page","type-page","status-publish","hentry","missing-thumbnail"],"_links":{"self":[{"href":"https:\/\/www.jm-translations.com\/index.php?rest_route=\/wp\/v2\/pages\/242","targetHints":{"allow":["GET"]}}],"collection":[{"href":"https:\/\/www.jm-translations.com\/index.php?rest_route=\/wp\/v2\/pages"}],"about":[{"href":"https:\/\/www.jm-translations.com\/index.php?rest_route=\/wp\/v2\/types\/page"}],"author":[{"embeddable":true,"href":"https:\/\/www.jm-translations.com\/index.php?rest_route=\/wp\/v2\/users\/9"}],"replies":[{"embeddable":true,"href":"https:\/\/www.jm-translations.com\/index.php?rest_route=%2Fwp%2Fv2%2Fcomments&post=242"}],"version-history":[{"count":24,"href":"https:\/\/www.jm-translations.com\/index.php?rest_route=\/wp\/v2\/pages\/242\/revisions"}],"predecessor-version":[{"id":790,"href":"https:\/\/www.jm-translations.com\/index.php?rest_route=\/wp\/v2\/pages\/242\/revisions\/790"}],"wp:attachment":[{"href":"https:\/\/www.jm-translations.com\/index.php?rest_route=%2Fwp%2Fv2%2Fmedia&parent=242"}],"curies":[{"name":"wp","href":"https:\/\/api.w.org\/{rel}","templated":true}]}}