{"id":46,"date":"2015-02-16T08:33:42","date_gmt":"2015-02-16T08:33:42","guid":{"rendered":"http:\/\/www.jm-translations.com\/?page_id=46"},"modified":"2023-05-10T16:04:10","modified_gmt":"2023-05-10T16:04:10","slug":"julian-mueller","status":"publish","type":"page","link":"https:\/\/www.jm-translations.com\/?page_id=46","title":{"rendered":"\u00dcber mich"},"content":{"rendered":"<p><img loading=\"lazy\" decoding=\"async\" class=\"alignleft wp-image-675\" src=\"https:\/\/www.jm-translations.com\/wp-content\/uploads\/page2.jpg\" alt=\"\" width=\"522\" height=\"783\" srcset=\"https:\/\/www.jm-translations.com\/wp-content\/uploads\/page2.jpg 1024w, https:\/\/www.jm-translations.com\/wp-content\/uploads\/page2-200x300.jpg 200w, https:\/\/www.jm-translations.com\/wp-content\/uploads\/page2-683x1024.jpg 683w, https:\/\/www.jm-translations.com\/wp-content\/uploads\/page2-768x1152.jpg 768w\" sizes=\"auto, (max-width: 522px) 100vw, 522px\" \/>Julian M\u00fcller, *1979 in Rodewisch, studierte Musikwissenschaft, Nordamerikastudien und Literarisches \u00dcbersetzen in Berlin und M\u00fcnchen. Er lebt in Berlin und \u00fcbersetzt seit 2010 aus dem Englischen. Ist engagierter Schmierzettelverbraucher. Mitglied bei der Weltleseb\u00fchne e. V. und im Verband deutschsprachiger \u00dcbersetzer literarischer und wissenschaftlicher Werke (Vd\u00dc). Hat die besten Einf\u00e4lle beim Herumlaufen.<\/p>\n","protected":false},"excerpt":{"rendered":"<p>Julian M\u00fcller, *1979 in Rodewisch, studierte Musikwissenschaft, Nordamerikastudien und Literarisches \u00dcbersetzen in Berlin und M\u00fcnchen. Er lebt in Berlin und \u00fcbersetzt seit 2010 aus dem Englischen. Ist engagierter Schmierzettelverbraucher. Mitglied bei der Weltleseb\u00fchne e. V. und im Verband deutschsprachiger \u00dcbersetzer literarischer und wissenschaftlicher Werke (Vd\u00dc). Hat die besten Einf\u00e4lle beim Herumlaufen.<\/p>\n","protected":false},"author":9,"featured_media":0,"parent":0,"menu_order":0,"comment_status":"closed","ping_status":"closed","template":"","meta":{"footnotes":""},"class_list":["post-46","page","type-page","status-publish","hentry","missing-thumbnail"],"_links":{"self":[{"href":"https:\/\/www.jm-translations.com\/index.php?rest_route=\/wp\/v2\/pages\/46","targetHints":{"allow":["GET"]}}],"collection":[{"href":"https:\/\/www.jm-translations.com\/index.php?rest_route=\/wp\/v2\/pages"}],"about":[{"href":"https:\/\/www.jm-translations.com\/index.php?rest_route=\/wp\/v2\/types\/page"}],"author":[{"embeddable":true,"href":"https:\/\/www.jm-translations.com\/index.php?rest_route=\/wp\/v2\/users\/9"}],"replies":[{"embeddable":true,"href":"https:\/\/www.jm-translations.com\/index.php?rest_route=%2Fwp%2Fv2%2Fcomments&post=46"}],"version-history":[{"count":28,"href":"https:\/\/www.jm-translations.com\/index.php?rest_route=\/wp\/v2\/pages\/46\/revisions"}],"predecessor-version":[{"id":681,"href":"https:\/\/www.jm-translations.com\/index.php?rest_route=\/wp\/v2\/pages\/46\/revisions\/681"}],"wp:attachment":[{"href":"https:\/\/www.jm-translations.com\/index.php?rest_route=%2Fwp%2Fv2%2Fmedia&parent=46"}],"curies":[{"name":"wp","href":"https:\/\/api.w.org\/{rel}","templated":true}]}}