{"id":53,"date":"2015-02-16T12:20:49","date_gmt":"2015-02-16T12:20:49","guid":{"rendered":"http:\/\/www.jm-translations.com\/?page_id=53"},"modified":"2020-09-09T12:34:31","modified_gmt":"2020-09-09T12:34:31","slug":"et-cetera","status":"publish","type":"page","link":"https:\/\/www.jm-translations.com\/?page_id=53","title":{"rendered":"Et cetera"},"content":{"rendered":"<p><strong>Ver\u00f6ffentlichungen<\/strong><br \/>&#8222;Ein Kahn, auf dem es sich fahren l\u00e4sst. Interview mit Mitgliedern der Vorst\u00e4nde seit 2008&#8220;, in: Sprache im technischen Zeitalter. Sonderheft M\u00e4rz\u00a02014 \u2013 Souver\u00e4ne Br\u00fcckenbauer. 60\u00a0Jahre Verband der Literatur\u00fcbersetzer\u00a0(Vd\u00dc), hg. von Helga Pfetsch (B\u00f6hlau: K\u00f6ln, 2014), S. 135-143.<br \/>&#8222;Folklore und Komposition &#8211; B\u00e9la Bart\u00f3ks Volkslied-Sammlungen und ihre Folgen&#8220;, in: Chronik der Musik im 20. Jahrhundert (=<em>Handbuch der Musik im 20. Jahrhundert<\/em> Bd. 13), hg. von Frieder Reininghaus (Laaber: Laaber, 2007), S. 31.<br \/>&#8222;Ethnizit\u00e4t &#8211; Komposition und Folklore&#8220;, in: Geschichte der Musik im 20. Jahrhundert: 1925 -1945 (=<em>Handbuch der Musik im 20. Jahrhundert <\/em>Bd. 2), hg. von Albrecht Riethm\u00fcller (Laaber: Laaber, 2006), S. 43-46.<\/p>\n<p><strong>Mitgliedschaften<br \/><\/strong>Verband deutschsprachiger \u00dcbersetzer literarischer und wissenschaftlicher Werke (Vd\u00dc, <a href=\"https:\/\/www.literaturuebersetzer.de\" target=\"_blank\" rel=\"noopener noreferrer\">https:\/\/www.literaturuebersetzer.de<\/a>)<br \/>Weltleseb\u00fchne e. V. (<a href=\"https:\/\/www.weltlesebuehne.de\" target=\"_blank\" rel=\"noopener noreferrer\">https:\/\/www.weltlesebuehne.de<\/a>)<\/p>\n\n\n<p><\/p>\n","protected":false},"excerpt":{"rendered":"<p>Ver\u00f6ffentlichungen&#8222;Ein Kahn, auf dem es sich fahren l\u00e4sst. Interview mit Mitgliedern der Vorst\u00e4nde seit 2008&#8220;, in: Sprache im technischen Zeitalter. Sonderheft M\u00e4rz\u00a02014 \u2013 Souver\u00e4ne Br\u00fcckenbauer. 60\u00a0Jahre Verband der Literatur\u00fcbersetzer\u00a0(Vd\u00dc), hg. von Helga Pfetsch (B\u00f6hlau: K\u00f6ln, 2014), S. 135-143.&#8222;Folklore und Komposition &#8211; B\u00e9la Bart\u00f3ks Volkslied-Sammlungen und ihre Folgen&#8220;, in: Chronik der Musik im 20. Jahrhundert (=Handbuch [&hellip;]<\/p>\n","protected":false},"author":9,"featured_media":0,"parent":0,"menu_order":0,"comment_status":"closed","ping_status":"closed","template":"","meta":{"footnotes":""},"class_list":["post-53","page","type-page","status-publish","hentry","missing-thumbnail"],"_links":{"self":[{"href":"https:\/\/www.jm-translations.com\/index.php?rest_route=\/wp\/v2\/pages\/53","targetHints":{"allow":["GET"]}}],"collection":[{"href":"https:\/\/www.jm-translations.com\/index.php?rest_route=\/wp\/v2\/pages"}],"about":[{"href":"https:\/\/www.jm-translations.com\/index.php?rest_route=\/wp\/v2\/types\/page"}],"author":[{"embeddable":true,"href":"https:\/\/www.jm-translations.com\/index.php?rest_route=\/wp\/v2\/users\/9"}],"replies":[{"embeddable":true,"href":"https:\/\/www.jm-translations.com\/index.php?rest_route=%2Fwp%2Fv2%2Fcomments&post=53"}],"version-history":[{"count":28,"href":"https:\/\/www.jm-translations.com\/index.php?rest_route=\/wp\/v2\/pages\/53\/revisions"}],"predecessor-version":[{"id":507,"href":"https:\/\/www.jm-translations.com\/index.php?rest_route=\/wp\/v2\/pages\/53\/revisions\/507"}],"wp:attachment":[{"href":"https:\/\/www.jm-translations.com\/index.php?rest_route=%2Fwp%2Fv2%2Fmedia&parent=53"}],"curies":[{"name":"wp","href":"https:\/\/api.w.org\/{rel}","templated":true}]}}